{"id":75462,"date":"2024-10-14T13:48:33","date_gmt":"2024-10-14T11:48:33","guid":{"rendered":"https:\/\/agencjatlumaczen.com.pl\/simultaneous-interpreting\/"},"modified":"2025-12-09T15:41:20","modified_gmt":"2025-12-09T14:41:20","slug":"simultaneous-interpreting","status":"publish","type":"page","link":"https:\/\/agencjatlumaczen.stronazen.pl\/en\/simultaneous-interpreting\/","title":{"rendered":"Simultaneous interpreting"},"content":{"rendered":"\n<h1 class=\"wp-block-heading\" id=\"h-simultaneous-interpreting\" style=\"font-size:clamp(22.041px, 1.378rem + ((1vw - 3.2px) * 1.454), 36px);font-style:normal;font-weight:600\">Simultaneous interpreting<\/h1>\n\n\n\n<p>Simultaneous interpreting is undoubtedly the most difficult type of interpreting. <strong>It is oral linguistic interpretation, usually taking place in a soundproof booth. <\/strong>The source text is transmitted via headphones to the interpreter, who translates it into the target language via a microphone. The message then reaches the headphones of participants in, for example, a conference or meeting.   <\/p>\n\n\n\n<p>To become a simultaneous interpreter, excellent language skills are not enough. Interpreting of this kind requires excellent diction, resistance to stress, above-average ability to focus and divided attention. <\/p>\n\n\n\n<p>In addition, the interpreter works under enormous time pressure. Therefore, it is essential that the <strong>simultaneous interpreter is also familiar with the industry<\/strong> they serve, is sensitive to the context and possible cultural differences, and has an understanding of so-called general knowledge issues. An understanding of politics and business in the broader sense is also undoubtedly useful.   <\/p>\n\n\n\n<p>All these skills are verified during training at language schools or university centres.<\/p>\n\n\n\n<p><strong>Simultaneous interpreting<\/strong> is certainly extremely demanding and, regardless of your skills and knowledge of the language in question, you also have to simply like the job.<\/p>\n\n\n\n<h2 class=\"wp-block-heading\" id=\"h-simultaneous-interpreting-advantages\"> <strong>Simultaneous interpreting<\/strong> advantages:<\/h2>\n\n\n\n<ul class=\"wp-block-list\">\n<li><strong>Time efficiency<\/strong>: Participants do not have to wait until the end of the speech to hear the interpretation.<\/li>\n\n\n\n<li><strong>Fluidity of communication<\/strong>: Enables the dynamic flow of the event.<\/li>\n\n\n\n<li><strong>Multilingual support<\/strong>: Possibility of simultaneous interpreting into multiple languages.<\/li>\n<\/ul>\n\n\n\n<hr class=\"wp-block-separator has-alpha-channel-opacity\"\/>\n\n\n\n<div class=\"wp-block-group alignfull has-base-2-background-color has-background has-global-padding is-layout-constrained wp-block-group-is-layout-constrained\">\n<div class=\"wp-block-group alignwide dd-remove-horizontal-paddings dd-cta-free-quote has-global-padding is-layout-constrained wp-container-core-group-is-layout-1279bd0a wp-block-group-is-layout-constrained has-background\" style=\"min-height:0px;padding-top:125px;padding-right:300px;padding-bottom:125px;background-image:url(&apos;http:\/\/agencjatlumaczen.stronazen.pl\/wp-content\/uploads\/2024\/10\/portrait-joyous-adult-woman-wearing-eyeglasses-smiling-while-sitting-with-laptop-computer-isolated-white-wall-studio-1.png&apos;);background-position:100% 100%;background-repeat:no-repeat;background-size:auto;\">\n<h2 class=\"wp-block-heading has-text-align-center\" style=\"font-size:clamp(17.905px, 1.119rem + ((1vw - 3.2px) * 1.052), 28px);font-style:normal;font-weight:700\">Get a free translation quote!<\/h2>\n\n\n\n<p class=\"has-text-align-center\">Fast and precise translation quote with no obligations!<\/p>\n\n\n\n<div class=\"wp-block-buttons is-content-justification-center is-layout-flex wp-container-core-buttons-is-layout-a89b3969 wp-block-buttons-is-layout-flex\">\n<div class=\"wp-block-button\"><a class=\"wp-block-button__link wp-element-button\" href=\"https:\/\/agencjatlumaczen.stronazen.pl\/en\/free-quote\/\">Free quote<\/a><\/div>\n<\/div>\n<\/div>\n<\/div>\n\n\n\n<h2 class=\"wp-block-heading\" id=\"h-simultaneous-interpreting-is-otherwise-known-as-parallel\">Simultaneous interpreting is otherwise known as parallel<\/h2>\n\n\n\n<p>They take place in <strong>parallel <\/strong>to the speaker&#8217;s speech in the foreign language. There is no time for consultation or asking the speaker to repeat their speech. Hence, this work requires particular concentration, especially when messages are communicated in an unintelligible manner.  <\/p>\n\n\n\n<p>Often the translator works in <strong>the so called booth <\/strong>which is generally not the most spatious. Due to the exceptional mental strain of this type of interpreting, interpreters change every 15-30 minutes. <\/p>\n\n\n\n<p>Simultaneous interpreting is very popular especially during <strong>international congresses and conferences<\/strong>, but also <strong>seminars, deliberations and training sessions<\/strong>. There is also a demand for this service during secret business or political negotiations and, for example, meetings of international executives in large companies. In such cases, the interpreter signs a confidentiality agreement. We want our business partners to feel comfortable and be able to concentrate fully on the meeting, negotiation or presentation in question.   <\/p>\n\n\n\n<h2 class=\"wp-block-heading\" id=\"h-simultaneous-interpreting-and-translation-eagles\">Simultaneous interpreting and Translation Eagles<\/h2>\n\n\n\n<p>We are a winner of the Translation Eagles plebiscite. This plebiscite was created to honour the best companies on the market &#8211; leaders in their industries. These companies set the direction, focus on continuous development and improvement of qualifications. The most important votes in the poll are verifiable opinions, including on simultaneous interpreting on reliable portals, <a href=\"https:\/\/g.page\/r\/CS-udWFsP1qYEB0\/review\">in this case Google<\/a>. Contributors are not anonymous. Thank you very much for your trust. It is very important to us that we received the award thanks to your votes.      <\/p>\n\n\n\n<p><a href=\"https:\/\/agencjatlumaczen.stronazen.pl\/en\/\"><strong>Lingua Nova Translation Agency<\/strong><\/a> offers <strong>professional translations<\/strong> not only for meetings of a political or business nature. We also provide simultaneous interpreting at events and meetings of a religious, educational, but also social or artistic nature.<br>We have been translating with passion and success <strong>since 1991<\/strong> &#8211; <a href=\"http:\/\/agencjatlumaczen.stronazen.pl\/referencje\/\">references<\/a>. We can assure you that <strong>no word goes to waste with us<\/strong>. <\/p>\n\n\n\n<div style=\"height:30px\" aria-hidden=\"true\" class=\"wp-block-spacer\"><\/div>\n","protected":false},"excerpt":{"rendered":"<p>Simultaneous interpreting Simultaneous interpreting is undoubtedly the most difficult type of interpreting. It is oral linguistic interpretation, usually taking place in a soundproof booth. The source text is transmitted via headphones to the interpreter, who translates it into the target language via a microphone. The message then reaches the headphones of participants in, for example, [&hellip;]<\/p>\n","protected":false},"author":1,"featured_media":0,"parent":0,"menu_order":2,"comment_status":"closed","ping_status":"closed","template":"","meta":{"_uag_custom_page_level_css":"","footnotes":""},"class_list":["post-75462","page","type-page","status-publish","hentry"],"yoast_head":"<!-- This site is optimized with the Yoast SEO Premium plugin v27.3 (Yoast SEO v27.4) - https:\/\/yoast.com\/product\/yoast-seo-premium-wordpress\/ -->\n<title>Simultaneous interpreting - Biuro T\u0142umacze\u0144 Lingua Nova<\/title>\n<meta name=\"description\" content=\"Simultaneous interpreting is the most difficult type of interpreting usually in a soundproof booth. Always a free quote. We are looking forward to hearing from you.\" \/>\n<meta name=\"robots\" content=\"noindex, follow, max-snippet:-1, max-image-preview:large, max-video-preview:-1\" \/>\n<meta property=\"og:locale\" content=\"en_US\" \/>\n<meta property=\"og:type\" content=\"article\" \/>\n<meta property=\"og:title\" content=\"Simultaneous interpreting\" \/>\n<meta property=\"og:description\" content=\"Simultaneous interpreting is the most difficult type of interpreting usually in a soundproof booth. Always a free quote. We are looking forward to hearing from you.\" \/>\n<meta property=\"og:url\" content=\"https:\/\/agencjatlumaczen.stronazen.pl\/en\/simultaneous-interpreting\/\" \/>\n<meta property=\"og:site_name\" content=\"Biuro T\u0142umacze\u0144 Lingua Nova\" \/>\n<meta property=\"article:publisher\" content=\"https:\/\/www.facebook.com\/p\/Agencja-t%c5%82umacze%c5%84-Lingua-Nova-100064169673820\" \/>\n<meta property=\"article:modified_time\" content=\"2025-12-09T14:41:20+00:00\" \/>\n<meta property=\"og:image\" content=\"https:\/\/agencjatlumaczen.stronazen.pl\/wp-content\/uploads\/2025\/01\/Tlumaczenie-Wietnamski38.jpg\" \/>\n\t<meta property=\"og:image:width\" content=\"1280\" \/>\n\t<meta property=\"og:image:height\" content=\"720\" \/>\n\t<meta property=\"og:image:type\" content=\"image\/jpeg\" \/>\n<meta name=\"twitter:card\" content=\"summary_large_image\" \/>\n<meta name=\"twitter:label1\" content=\"Est. reading time\" \/>\n\t<meta name=\"twitter:data1\" content=\"7 minutes\" \/>\n<script type=\"application\/ld+json\" class=\"yoast-schema-graph\">{\"@context\":\"https:\\\/\\\/schema.org\",\"@graph\":[{\"@type\":\"WebPage\",\"@id\":\"https:\\\/\\\/agencjatlumaczen.stronazen.pl\\\/en\\\/simultaneous-interpreting\\\/\",\"url\":\"https:\\\/\\\/agencjatlumaczen.stronazen.pl\\\/en\\\/simultaneous-interpreting\\\/\",\"name\":\"Simultaneous interpreting - Biuro T\u0142umacze\u0144 Lingua Nova\",\"isPartOf\":{\"@id\":\"https:\\\/\\\/agencjatlumaczen.stronazen.pl\\\/en\\\/#website\"},\"datePublished\":\"2024-10-14T11:48:33+00:00\",\"dateModified\":\"2025-12-09T14:41:20+00:00\",\"description\":\"Simultaneous interpreting is the most difficult type of interpreting usually in a soundproof booth. Always a free quote. We are looking forward to hearing from you.\",\"breadcrumb\":{\"@id\":\"https:\\\/\\\/agencjatlumaczen.stronazen.pl\\\/en\\\/simultaneous-interpreting\\\/#breadcrumb\"},\"inLanguage\":\"en-US\",\"potentialAction\":[{\"@type\":\"ReadAction\",\"target\":[\"https:\\\/\\\/agencjatlumaczen.stronazen.pl\\\/en\\\/simultaneous-interpreting\\\/\"]}]},{\"@type\":\"BreadcrumbList\",\"@id\":\"https:\\\/\\\/agencjatlumaczen.stronazen.pl\\\/en\\\/simultaneous-interpreting\\\/#breadcrumb\",\"itemListElement\":[{\"@type\":\"ListItem\",\"position\":1,\"name\":\"Strona g\u0142\u00f3wna\",\"item\":\"https:\\\/\\\/agencjatlumaczen.stronazen.pl\\\/en\\\/\"},{\"@type\":\"ListItem\",\"position\":2,\"name\":\"Simultaneous interpreting\"}]},{\"@type\":\"WebSite\",\"@id\":\"https:\\\/\\\/agencjatlumaczen.stronazen.pl\\\/en\\\/#website\",\"url\":\"https:\\\/\\\/agencjatlumaczen.stronazen.pl\\\/en\\\/\",\"name\":\"Biuro T\u0142umacze\u0144 Lingua Nova\",\"description\":\"T\u0142umaczenia pisemne angielski, t\u0142umaczenia niemiecki, t\u0142umaczenia francuski, t\u0142umaczenia ustne, t\u0142umaczenia po\u015bwiadczone\",\"publisher\":{\"@id\":\"https:\\\/\\\/agencjatlumaczen.stronazen.pl\\\/en\\\/#organization\"},\"alternateName\":\"T\u0142umaczenia przysi\u0119g\u0142e i t\u0142umaczenia pisemne\",\"potentialAction\":[{\"@type\":\"SearchAction\",\"target\":{\"@type\":\"EntryPoint\",\"urlTemplate\":\"https:\\\/\\\/agencjatlumaczen.stronazen.pl\\\/en\\\/?s={search_term_string}\"},\"query-input\":{\"@type\":\"PropertyValueSpecification\",\"valueRequired\":true,\"valueName\":\"search_term_string\"}}],\"inLanguage\":\"en-US\"},{\"@type\":\"Organization\",\"@id\":\"https:\\\/\\\/agencjatlumaczen.stronazen.pl\\\/en\\\/#organization\",\"name\":\"Lingua Nova\",\"alternateName\":\"Lingua Nova s.c t\u0142umaczenia\",\"url\":\"https:\\\/\\\/agencjatlumaczen.stronazen.pl\\\/en\\\/\",\"logo\":{\"@type\":\"ImageObject\",\"inLanguage\":\"en-US\",\"@id\":\"https:\\\/\\\/agencjatlumaczen.stronazen.pl\\\/en\\\/#\\\/schema\\\/logo\\\/image\\\/\",\"url\":\"http:\\\/\\\/agencjatlumaczen.stronazen.pl\\\/wp-content\\\/uploads\\\/2026\\\/02\\\/LOGO_LN_NAVY.png\",\"contentUrl\":\"http:\\\/\\\/agencjatlumaczen.stronazen.pl\\\/wp-content\\\/uploads\\\/2026\\\/02\\\/LOGO_LN_NAVY.png\",\"width\":200,\"height\":200,\"caption\":\"Lingua Nova\"},\"image\":{\"@id\":\"https:\\\/\\\/agencjatlumaczen.stronazen.pl\\\/en\\\/#\\\/schema\\\/logo\\\/image\\\/\"},\"sameAs\":[\"https:\\\/\\\/www.facebook.com\\\/p\\\/Agencja-t\u0142umacze\u0144-Lingua-Nova-100064169673820\",\"https:\\\/\\\/www.linkedin.com\\\/company\\\/1721239\\\/admin\\\/dashboard\\\/\",\"https:\\\/\\\/www.google.com\\\/search?num=10&client=firefox-b-d&hs=4Xy9&sca_esv=01e84e26bfa42c3c&sxsrf=ANbL-n7466TuL-OqX09LcS05fIysQ473ew:1770480966667&q=Lingua Nova s.c T\u0142umaczenia Warszawa&stick=H4sIAAAAAAAAAONgU1I1qDAxN0xNTklJSTO1NE6xSE2zMqgwMki2MDUxTDU2SkxKNU81WsSq6pOZl16aqOCXX5aoUKyXrBBytKk0NzG5KjUvM1EhPLGouCqxPBEAvF1LAlEAAAA&mat=CZXrk_KAlScz&ved=2ahUKEwiU-eXI48eSAxUpZ0EAHaZeMe0QrMcEegQIGxAC\"],\"description\":\"Lingua Nova s.c. to profesjonalne biuro t\u0142umacze\u0144 oferuj\u0105ce kompleksowe us\u0142ugi j\u0119zykowe dla firm i klient\u00f3w indywidualnych. Specjalizuje si\u0119 w t\u0142umaczeniach pisemnych i ustnych, w tym prawniczych, finansowych, technicznych oraz przysi\u0119g\u0142ych, zapewniaj\u0105c wysok\u0105 jako\u015b\u0107, poufno\u015b\u0107 i terminowo\u015b\u0107 realizacji.\",\"email\":\"tlumaczenia@agencjatlumaczen.com.pl\",\"telephone\":\"225841035\",\"legalName\":\"Lingua Nova s.c\",\"vatID\":\"7011276270\",\"taxID\":\"Regon: 542620697\",\"duns\":\"665877210\",\"numberOfEmployees\":{\"@type\":\"QuantitativeValue\",\"minValue\":\"11\",\"maxValue\":\"50\"}}]}<\/script>\n<!-- \/ Yoast SEO Premium plugin. -->","yoast_head_json":{"title":"Simultaneous interpreting - Biuro T\u0142umacze\u0144 Lingua Nova","description":"Simultaneous interpreting is the most difficult type of interpreting usually in a soundproof booth. Always a free quote. We are looking forward to hearing from you.","robots":{"index":"noindex","follow":"follow","max-snippet":"max-snippet:-1","max-image-preview":"max-image-preview:large","max-video-preview":"max-video-preview:-1"},"og_locale":"en_US","og_type":"article","og_title":"Simultaneous interpreting","og_description":"Simultaneous interpreting is the most difficult type of interpreting usually in a soundproof booth. Always a free quote. We are looking forward to hearing from you.","og_url":"https:\/\/agencjatlumaczen.stronazen.pl\/en\/simultaneous-interpreting\/","og_site_name":"Biuro T\u0142umacze\u0144 Lingua Nova","article_publisher":"https:\/\/www.facebook.com\/p\/Agencja-t%c5%82umacze%c5%84-Lingua-Nova-100064169673820","article_modified_time":"2025-12-09T14:41:20+00:00","og_image":[{"width":1280,"height":720,"url":"https:\/\/agencjatlumaczen.stronazen.pl\/wp-content\/uploads\/2025\/01\/Tlumaczenie-Wietnamski38.jpg","type":"image\/jpeg"}],"twitter_card":"summary_large_image","twitter_misc":{"Est. reading time":"7 minutes"},"schema":{"@context":"https:\/\/schema.org","@graph":[{"@type":"WebPage","@id":"https:\/\/agencjatlumaczen.stronazen.pl\/en\/simultaneous-interpreting\/","url":"https:\/\/agencjatlumaczen.stronazen.pl\/en\/simultaneous-interpreting\/","name":"Simultaneous interpreting - Biuro T\u0142umacze\u0144 Lingua Nova","isPartOf":{"@id":"https:\/\/agencjatlumaczen.stronazen.pl\/en\/#website"},"datePublished":"2024-10-14T11:48:33+00:00","dateModified":"2025-12-09T14:41:20+00:00","description":"Simultaneous interpreting is the most difficult type of interpreting usually in a soundproof booth. Always a free quote. We are looking forward to hearing from you.","breadcrumb":{"@id":"https:\/\/agencjatlumaczen.stronazen.pl\/en\/simultaneous-interpreting\/#breadcrumb"},"inLanguage":"en-US","potentialAction":[{"@type":"ReadAction","target":["https:\/\/agencjatlumaczen.stronazen.pl\/en\/simultaneous-interpreting\/"]}]},{"@type":"BreadcrumbList","@id":"https:\/\/agencjatlumaczen.stronazen.pl\/en\/simultaneous-interpreting\/#breadcrumb","itemListElement":[{"@type":"ListItem","position":1,"name":"Strona g\u0142\u00f3wna","item":"https:\/\/agencjatlumaczen.stronazen.pl\/en\/"},{"@type":"ListItem","position":2,"name":"Simultaneous interpreting"}]},{"@type":"WebSite","@id":"https:\/\/agencjatlumaczen.stronazen.pl\/en\/#website","url":"https:\/\/agencjatlumaczen.stronazen.pl\/en\/","name":"Biuro T\u0142umacze\u0144 Lingua Nova","description":"T\u0142umaczenia pisemne angielski, t\u0142umaczenia niemiecki, t\u0142umaczenia francuski, t\u0142umaczenia ustne, t\u0142umaczenia po\u015bwiadczone","publisher":{"@id":"https:\/\/agencjatlumaczen.stronazen.pl\/en\/#organization"},"alternateName":"T\u0142umaczenia przysi\u0119g\u0142e i t\u0142umaczenia pisemne","potentialAction":[{"@type":"SearchAction","target":{"@type":"EntryPoint","urlTemplate":"https:\/\/agencjatlumaczen.stronazen.pl\/en\/?s={search_term_string}"},"query-input":{"@type":"PropertyValueSpecification","valueRequired":true,"valueName":"search_term_string"}}],"inLanguage":"en-US"},{"@type":"Organization","@id":"https:\/\/agencjatlumaczen.stronazen.pl\/en\/#organization","name":"Lingua Nova","alternateName":"Lingua Nova s.c t\u0142umaczenia","url":"https:\/\/agencjatlumaczen.stronazen.pl\/en\/","logo":{"@type":"ImageObject","inLanguage":"en-US","@id":"https:\/\/agencjatlumaczen.stronazen.pl\/en\/#\/schema\/logo\/image\/","url":"http:\/\/agencjatlumaczen.stronazen.pl\/wp-content\/uploads\/2026\/02\/LOGO_LN_NAVY.png","contentUrl":"http:\/\/agencjatlumaczen.stronazen.pl\/wp-content\/uploads\/2026\/02\/LOGO_LN_NAVY.png","width":200,"height":200,"caption":"Lingua Nova"},"image":{"@id":"https:\/\/agencjatlumaczen.stronazen.pl\/en\/#\/schema\/logo\/image\/"},"sameAs":["https:\/\/www.facebook.com\/p\/Agencja-t\u0142umacze\u0144-Lingua-Nova-100064169673820","https:\/\/www.linkedin.com\/company\/1721239\/admin\/dashboard\/","https:\/\/www.google.com\/search?num=10&client=firefox-b-d&hs=4Xy9&sca_esv=01e84e26bfa42c3c&sxsrf=ANbL-n7466TuL-OqX09LcS05fIysQ473ew:1770480966667&q=Lingua Nova s.c T\u0142umaczenia Warszawa&stick=H4sIAAAAAAAAAONgU1I1qDAxN0xNTklJSTO1NE6xSE2zMqgwMki2MDUxTDU2SkxKNU81WsSq6pOZl16aqOCXX5aoUKyXrBBytKk0NzG5KjUvM1EhPLGouCqxPBEAvF1LAlEAAAA&mat=CZXrk_KAlScz&ved=2ahUKEwiU-eXI48eSAxUpZ0EAHaZeMe0QrMcEegQIGxAC"],"description":"Lingua Nova s.c. to profesjonalne biuro t\u0142umacze\u0144 oferuj\u0105ce kompleksowe us\u0142ugi j\u0119zykowe dla firm i klient\u00f3w indywidualnych. Specjalizuje si\u0119 w t\u0142umaczeniach pisemnych i ustnych, w tym prawniczych, finansowych, technicznych oraz przysi\u0119g\u0142ych, zapewniaj\u0105c wysok\u0105 jako\u015b\u0107, poufno\u015b\u0107 i terminowo\u015b\u0107 realizacji.","email":"tlumaczenia@agencjatlumaczen.com.pl","telephone":"225841035","legalName":"Lingua Nova s.c","vatID":"7011276270","taxID":"Regon: 542620697","duns":"665877210","numberOfEmployees":{"@type":"QuantitativeValue","minValue":"11","maxValue":"50"}}]}},"uagb_featured_image_src":{"full":false,"thumbnail":false,"medium":false,"medium_large":false,"large":false,"1536x1536":false,"2048x2048":false},"uagb_author_info":{"display_name":"","author_link":"https:\/\/agencjatlumaczen.stronazen.pl\/en\/author\/"},"uagb_comment_info":0,"uagb_excerpt":"Simultaneous interpreting Simultaneous interpreting is undoubtedly the most difficult type of interpreting. It is oral linguistic interpretation, usually taking place in a soundproof booth. The source text is transmitted via headphones to the interpreter, who translates it into the target language via a microphone. The message then reaches the headphones of participants in, for example,&hellip;","_links":{"self":[{"href":"https:\/\/agencjatlumaczen.stronazen.pl\/en\/wp-json\/wp\/v2\/pages\/75462","targetHints":{"allow":["GET"]}}],"collection":[{"href":"https:\/\/agencjatlumaczen.stronazen.pl\/en\/wp-json\/wp\/v2\/pages"}],"about":[{"href":"https:\/\/agencjatlumaczen.stronazen.pl\/en\/wp-json\/wp\/v2\/types\/page"}],"author":[{"embeddable":true,"href":"https:\/\/agencjatlumaczen.stronazen.pl\/en\/wp-json\/wp\/v2\/users\/1"}],"replies":[{"embeddable":true,"href":"https:\/\/agencjatlumaczen.stronazen.pl\/en\/wp-json\/wp\/v2\/comments?post=75462"}],"version-history":[{"count":4,"href":"https:\/\/agencjatlumaczen.stronazen.pl\/en\/wp-json\/wp\/v2\/pages\/75462\/revisions"}],"predecessor-version":[{"id":79121,"href":"https:\/\/agencjatlumaczen.stronazen.pl\/en\/wp-json\/wp\/v2\/pages\/75462\/revisions\/79121"}],"wp:attachment":[{"href":"https:\/\/agencjatlumaczen.stronazen.pl\/en\/wp-json\/wp\/v2\/media?parent=75462"}],"curies":[{"name":"wp","href":"https:\/\/api.w.org\/{rel}","templated":true}]}}