{"id":75478,"date":"2024-10-14T16:56:40","date_gmt":"2024-10-14T14:56:40","guid":{"rendered":"https:\/\/agencjatlumaczen.com.pl\/languages\/english\/"},"modified":"2025-11-23T11:08:06","modified_gmt":"2025-11-23T10:08:06","slug":"english","status":"publish","type":"page","link":"https:\/\/agencjatlumaczen.stronazen.pl\/en\/languages\/english\/","title":{"rendered":"English"},"content":{"rendered":"\n<h1 class=\"wp-block-heading\" style=\"font-size:clamp(22.041px, 1.378rem + ((1vw - 3.2px) * 1.454), 36px);font-style:normal;font-weight:600\">Translations from English language<\/h1>\n\n<p>Lingua Nova has been providing professional <strong>English translations<\/strong> since 1991. We work with professional translators of every industry: economic, financial, legal, medical, pharmaceutical, technical and many others. <\/p>\n\n<p>Every certified English <strong>translation we produce<\/strong> comes with an <strong>indefinite guarantee<\/strong> and can be archived at the client&#8217;s request. <strong>Translated texts are subject to <\/strong> quality control in accordance with the latest guidelines of the <a href=\"https:\/\/en.wikipedia.org\/wiki\/ISO_17100\">PN-EN ISO 17100<\/a> series of standards.<\/p>\n\n<p>We always <strong>deliver <\/strong>completed orders <strong>on time<\/strong>, and the <strong>costs <\/strong>of delivering the translated text in Poland <strong>remain on our side<\/strong>. We handle orders from <strong>all over Poland and abroad<\/strong>. We also have the option of delivering to any location <strong>within the European Union.<\/strong>  <\/p>\n\n<h2 class=\"wp-block-heading\">Lingua Nova is the leader of the Translation Eagles Award<\/h2>\n\n<p>This plebiscite was created to honour the best companies on the market &#8211; leaders in their industries. These companies set the direction, focus on continuous development and improvement of qualifications. In the plebiscite, the most important votes are those from customers who write their recommendations online. Contributors are not anonymous. Thank you very much for your trust. It is very important to us that we received the award thanks to your votes.    <\/p>\n\n<p>Management and staff of Lingua Nova<\/p>\n\n<figure class=\"wp-block-embed is-type-video is-provider-youtube wp-block-embed-youtube wp-embed-aspect-16-9 wp-has-aspect-ratio\"><div class=\"wp-block-embed__wrapper\">\n<iframe loading=\"lazy\" title=\"American vs. British vs. Australian English | One Language, Three Accents\" width=\"500\" height=\"281\" src=\"https:\/\/www.youtube.com\/embed\/fy-bd5AC-Ms?feature=oembed\" frameborder=\"0\" allow=\"accelerometer; autoplay; clipboard-write; encrypted-media; gyroscope; picture-in-picture; web-share\" referrerpolicy=\"strict-origin-when-cross-origin\" allowfullscreen><\/iframe>\n<\/div><\/figure>\n\n<h2 class=\"wp-block-heading\">English translations &#8211; SEO and a bit of history<\/h2>\n\n<p><strong>English translations<\/strong> and translations from English are some of the most popular search terms typed into Internet search engines. It will certainly come as no surprise to anyone that the language is one of the most popular languages in the world. As an official, or semi-official language, it is spoken in more than <strong>60 countries and on all continents<\/strong>. English was made popular by the British Crown, which in its numerous colonies introduced the language in offices, as well as in schools, kindergartens and all possible public places.   <\/p>\n\n<p>Australia, Barbados, Fiji, the Philippines, Nigeria, New Zealand, Pakistan, Sudan, the United States, as well as Trinidad and Tobago, Ireland, Canada, South Africa, Rwanda and Singapore are some of the many places where English is a common language, or one that is frequently spoken.<\/p>\n\n<p>Of course, English is also the UK, where English is the <strong>official language<\/strong>. Interestingly, in this country we also have a second official language which is Welsh. Modern English is mainly derived from one of the Anglo-Saxon dialects, but other languages, such as French, have also had a huge influence on its development.   <\/p>\n\n<h2 class=\"wp-block-heading\">English translation, translation into English and translation from English by a sworn translator<\/h2>\n\n<p><strong>English translations or translations from English or certified translations into English<\/strong> are sometimes called: <a href=\"http:\/\/agencjatlumaczen.stronazen.pl\/?p=35345\"><strong>certified translations<\/strong><\/a>. Certified translations are required for important court documents, official documents and letters from foreign employers. Only then do the translations have the force of law and are treated as official and reliable documents. Therefore, they must undoubtedly be carried out by a licensed <a href=\"http:\/\/agencjatlumaczen.stronazen.pl\/tlumacz-przysiegly\/\"><strong>certified translator<\/strong><\/a> of <strong>English<\/strong>, German, French, Russian, Spanish, Dutch or other languages.   <\/p>\n\n<h2 class=\"wp-block-heading\">Certified translations into English are primarily documents such as:<\/h2>\n\n<ul class=\"wp-block-list\">\n<li>various types of certificates, attestations, as well as birth certificates, <a href=\"http:\/\/agencjatlumaczen.stronazen.pl\/aktualnosci\/tlumaczenie-aktu-malzenstwa-dlaczego-nie-warto-tego-robic-za-granica\/\">marriage <\/a>certificates,<\/li>\n\n\n\n<li>death certificates, notary deeds, registration certificates, driving licences and also vehicle ownership documents,<\/li>\n\n\n\n<li>deeds of incorporation, notarial <a href=\"http:\/\/agencjatlumaczen.stronazen.pl\/aktualnosci\/apostille-ach-ten-tajemniczo-brzmiacy-termin-w-tlumaczeniach\/\">apostilles<\/a>, certificates, company registration documents,<\/li>\n\n\n\n<li>university and college diplomas, <a href=\"http:\/\/agencjatlumaczen.stronazen.pl\/aktualnosci\/tlumaczenie-zaswiadczenia-o-niekaralnosci\/\">certificates of criminal record<\/a>, but also medical documents (medical certificates, descriptions of diseases, treatment cards).<\/li>\n<\/ul>\n\n<p>You are also welcome to read interesting articles on the topic of translations we deal with on a daily basis: <a href=\"http:\/\/agencjatlumaczen.stronazen.pl\/aktualnosci\/tlumaczenie-dokumentow-rejestrowych\/\">Translation of registration documents<\/a>; <a href=\"http:\/\/agencjatlumaczen.stronazen.pl\/aktualnosci\/tlumaczenie-pelnomocnictwa-i-tlumaczenie-prokury\/\">Power of attorney; Prox<\/a>y; <a href=\"http:\/\/agencjatlumaczen.stronazen.pl\/aktualnosci\/jak-wyglada-tlumaczenie-wynikow-badan\/\">Examination results<\/a>; <a href=\"http:\/\/agencjatlumaczen.stronazen.pl\/aktualnosci\/tlumaczenie-krs-lub-tez-tlumaczenie-krajowego-rejestru-sadowego\/\">Translation of the National Court Register<\/a>; <a href=\"http:\/\/agencjatlumaczen.stronazen.pl\/aktualnosci\/tlumaczenie-tekstow-technicznych-obszar-wysokich-umiejetnosci-i-kompetencji\/\">Technical texts<\/a>; <a href=\"http:\/\/agencjatlumaczen.stronazen.pl\/aktualnosci\/tlumaczenie-dokumentow-urzedowych\/\">Official document<\/a>s; <a href=\"http:\/\/agencjatlumaczen.stronazen.pl\/aktualnosci\/apostille-ach-ten-tajemniczo-brzmiacy-termin-w-tlumaczeniach\/\">Apostille in translations<\/a>; <a href=\"http:\/\/agencjatlumaczen.stronazen.pl\/aktualnosci\/tlumaczenia-dla-logistyki-transportu-i-branzy-tsl\/\">Translation for logistics and the TSL industry<\/a>; <a href=\"http:\/\/agencjatlumaczen.stronazen.pl\/aktualnosci\/tlumaczenie-zaswiadczenia-o-niekaralnosci\/\">Translation of criminal records<\/a>; <a href=\"http:\/\/agencjatlumaczen.stronazen.pl\/aktualnosci\/szybkie-tlumaczenia\/\">Quick translations;<\/a> <a href=\"http:\/\/agencjatlumaczen.stronazen.pl\/aktualnosci\/tlumaczenia-przysiegle-ostro-w-gore\/\">Certified translation prices<\/a>; Translation of websites; <a href=\"http:\/\/agencjatlumaczen.stronazen.pl\/aktualnosci\/tlumaczenie-instrukcji-obslugi\/\">Translation of instruction manuals<\/a>; <a href=\"http:\/\/agencjatlumaczen.stronazen.pl\/aktualnosci\/profesjonalne-biuro-tlumaczen-co-tanie-to-g\/\">Professional translation agency; Cheap is not good!<\/a>; <a href=\"http:\/\/agencjatlumaczen.stronazen.pl\/aktualnosci\/czym-dokladnie-sa-jezykowe-tlumaczenia-ustne\/\">What exactly is interpreting?<\/a><\/p>\n\n<div class=\"wp-block-group alignfull has-base-2-background-color has-background has-global-padding is-layout-constrained wp-block-group-is-layout-constrained\">\n<div class=\"wp-block-group alignwide dd-remove-horizontal-paddings dd-cta-free-quote has-global-padding is-layout-constrained wp-container-core-group-is-layout-1279bd0a wp-block-group-is-layout-constrained has-background\" style=\"min-height:0px;padding-top:125px;padding-right:300px;padding-bottom:125px;background-image:url(&apos;http:\/\/agencjatlumaczen.stronazen.pl\/wp-content\/uploads\/2024\/10\/portrait-joyous-adult-woman-wearing-eyeglasses-smiling-while-sitting-with-laptop-computer-isolated-white-wall-studio-1.png&apos;);background-position:100% 100%;background-repeat:no-repeat;background-size:auto;\">\n<h2 class=\"wp-block-heading has-text-align-center\" style=\"font-size:clamp(17.905px, 1.119rem + ((1vw - 3.2px) * 1.052), 28px);font-style:normal;font-weight:700\">Get a free translation quote!<\/h2>\n\n\n\n<p class=\"has-text-align-center\">Fast and precise translation quote with no obligations!<\/p>\n\n\n\n<div class=\"wp-block-buttons is-content-justification-center is-layout-flex wp-container-core-buttons-is-layout-a89b3969 wp-block-buttons-is-layout-flex\">\n<div class=\"wp-block-button\"><a class=\"wp-block-button__link wp-element-button\" href=\"https:\/\/agencjatlumaczen.stronazen.pl\/en\/free-quote\/\">Free quote<\/a><\/div>\n<\/div>\n<\/div>\n<\/div>\n","protected":false},"excerpt":{"rendered":"<p>Translations from English language Lingua Nova has been providing professional English translations since 1991. We work with professional translators of every industry: economic, financial, legal, medical, pharmaceutical, technical and many others. Every certified English translation we produce comes with an indefinite guarantee and can be archived at the client&#8217;s request. Translated texts are subject to [&hellip;]<\/p>\n","protected":false},"author":1,"featured_media":0,"parent":75275,"menu_order":0,"comment_status":"closed","ping_status":"closed","template":"","meta":{"_uag_custom_page_level_css":"","footnotes":""},"class_list":["post-75478","page","type-page","status-publish","hentry"],"yoast_head":"<!-- This site is optimized with the Yoast SEO Premium plugin v27.3 (Yoast SEO v27.4) - https:\/\/yoast.com\/product\/yoast-seo-premium-wordpress\/ -->\n<title>English - Biuro T\u0142umacze\u0144 Lingua Nova<\/title>\n<meta name=\"description\" content=\"English translations, translations from English, certified English translations - always a free quote, 100% guarantee\" \/>\n<meta name=\"robots\" content=\"noindex, follow, max-snippet:-1, max-image-preview:large, max-video-preview:-1\" \/>\n<meta property=\"og:locale\" content=\"en_US\" \/>\n<meta property=\"og:type\" content=\"article\" \/>\n<meta property=\"og:title\" content=\"English\" \/>\n<meta property=\"og:description\" content=\"English translations, translations from English, certified English translations - always a free quote, 100% guarantee\" \/>\n<meta property=\"og:url\" content=\"https:\/\/agencjatlumaczen.stronazen.pl\/en\/languages\/english\/\" \/>\n<meta property=\"og:site_name\" content=\"Biuro T\u0142umacze\u0144 Lingua Nova\" \/>\n<meta property=\"article:publisher\" content=\"https:\/\/www.facebook.com\/p\/Agencja-t%c5%82umacze%c5%84-Lingua-Nova-100064169673820\" \/>\n<meta property=\"article:modified_time\" content=\"2025-11-23T10:08:06+00:00\" \/>\n<meta property=\"og:image\" content=\"https:\/\/agencjatlumaczen.stronazen.pl\/wp-content\/uploads\/2025\/01\/Tlumaczenie-Wietnamski38.jpg\" \/>\n\t<meta property=\"og:image:width\" content=\"1280\" \/>\n\t<meta property=\"og:image:height\" content=\"720\" \/>\n\t<meta property=\"og:image:type\" content=\"image\/jpeg\" \/>\n<meta name=\"twitter:card\" content=\"summary_large_image\" \/>\n<meta name=\"twitter:label1\" content=\"Est. reading time\" \/>\n\t<meta name=\"twitter:data1\" content=\"3 minutes\" \/>\n<script type=\"application\/ld+json\" class=\"yoast-schema-graph\">{\"@context\":\"https:\\\/\\\/schema.org\",\"@graph\":[{\"@type\":\"WebPage\",\"@id\":\"https:\\\/\\\/agencjatlumaczen.stronazen.pl\\\/en\\\/languages\\\/english\\\/\",\"url\":\"https:\\\/\\\/agencjatlumaczen.stronazen.pl\\\/en\\\/languages\\\/english\\\/\",\"name\":\"English - Biuro T\u0142umacze\u0144 Lingua Nova\",\"isPartOf\":{\"@id\":\"https:\\\/\\\/agencjatlumaczen.stronazen.pl\\\/en\\\/#website\"},\"datePublished\":\"2024-10-14T14:56:40+00:00\",\"dateModified\":\"2025-11-23T10:08:06+00:00\",\"description\":\"English translations, translations from English, certified English translations - always a free quote, 100% guarantee\",\"breadcrumb\":{\"@id\":\"https:\\\/\\\/agencjatlumaczen.stronazen.pl\\\/en\\\/languages\\\/english\\\/#breadcrumb\"},\"inLanguage\":\"en-US\",\"potentialAction\":[{\"@type\":\"ReadAction\",\"target\":[\"https:\\\/\\\/agencjatlumaczen.stronazen.pl\\\/en\\\/languages\\\/english\\\/\"]}]},{\"@type\":\"BreadcrumbList\",\"@id\":\"https:\\\/\\\/agencjatlumaczen.stronazen.pl\\\/en\\\/languages\\\/english\\\/#breadcrumb\",\"itemListElement\":[{\"@type\":\"ListItem\",\"position\":1,\"name\":\"Strona g\u0142\u00f3wna\",\"item\":\"https:\\\/\\\/agencjatlumaczen.stronazen.pl\\\/en\\\/\"},{\"@type\":\"ListItem\",\"position\":2,\"name\":\"Languages\",\"item\":\"https:\\\/\\\/agencjatlumaczen.stronazen.pl\\\/en\\\/najpopularniejsze-jezyki-w-tlumaczeniach\\\/\"},{\"@type\":\"ListItem\",\"position\":3,\"name\":\"English\"}]},{\"@type\":\"WebSite\",\"@id\":\"https:\\\/\\\/agencjatlumaczen.stronazen.pl\\\/en\\\/#website\",\"url\":\"https:\\\/\\\/agencjatlumaczen.stronazen.pl\\\/en\\\/\",\"name\":\"Biuro T\u0142umacze\u0144 Lingua Nova\",\"description\":\"T\u0142umaczenia pisemne angielski, t\u0142umaczenia niemiecki, t\u0142umaczenia francuski, t\u0142umaczenia ustne, t\u0142umaczenia po\u015bwiadczone\",\"publisher\":{\"@id\":\"https:\\\/\\\/agencjatlumaczen.stronazen.pl\\\/en\\\/#organization\"},\"alternateName\":\"T\u0142umaczenia przysi\u0119g\u0142e i t\u0142umaczenia pisemne\",\"potentialAction\":[{\"@type\":\"SearchAction\",\"target\":{\"@type\":\"EntryPoint\",\"urlTemplate\":\"https:\\\/\\\/agencjatlumaczen.stronazen.pl\\\/en\\\/?s={search_term_string}\"},\"query-input\":{\"@type\":\"PropertyValueSpecification\",\"valueRequired\":true,\"valueName\":\"search_term_string\"}}],\"inLanguage\":\"en-US\"},{\"@type\":\"Organization\",\"@id\":\"https:\\\/\\\/agencjatlumaczen.stronazen.pl\\\/en\\\/#organization\",\"name\":\"Lingua Nova\",\"alternateName\":\"Lingua Nova s.c t\u0142umaczenia\",\"url\":\"https:\\\/\\\/agencjatlumaczen.stronazen.pl\\\/en\\\/\",\"logo\":{\"@type\":\"ImageObject\",\"inLanguage\":\"en-US\",\"@id\":\"https:\\\/\\\/agencjatlumaczen.stronazen.pl\\\/en\\\/#\\\/schema\\\/logo\\\/image\\\/\",\"url\":\"http:\\\/\\\/agencjatlumaczen.stronazen.pl\\\/wp-content\\\/uploads\\\/2026\\\/02\\\/LOGO_LN_NAVY.png\",\"contentUrl\":\"http:\\\/\\\/agencjatlumaczen.stronazen.pl\\\/wp-content\\\/uploads\\\/2026\\\/02\\\/LOGO_LN_NAVY.png\",\"width\":200,\"height\":200,\"caption\":\"Lingua Nova\"},\"image\":{\"@id\":\"https:\\\/\\\/agencjatlumaczen.stronazen.pl\\\/en\\\/#\\\/schema\\\/logo\\\/image\\\/\"},\"sameAs\":[\"https:\\\/\\\/www.facebook.com\\\/p\\\/Agencja-t\u0142umacze\u0144-Lingua-Nova-100064169673820\",\"https:\\\/\\\/www.linkedin.com\\\/company\\\/1721239\\\/admin\\\/dashboard\\\/\",\"https:\\\/\\\/www.google.com\\\/search?num=10&client=firefox-b-d&hs=4Xy9&sca_esv=01e84e26bfa42c3c&sxsrf=ANbL-n7466TuL-OqX09LcS05fIysQ473ew:1770480966667&q=Lingua Nova s.c T\u0142umaczenia Warszawa&stick=H4sIAAAAAAAAAONgU1I1qDAxN0xNTklJSTO1NE6xSE2zMqgwMki2MDUxTDU2SkxKNU81WsSq6pOZl16aqOCXX5aoUKyXrBBytKk0NzG5KjUvM1EhPLGouCqxPBEAvF1LAlEAAAA&mat=CZXrk_KAlScz&ved=2ahUKEwiU-eXI48eSAxUpZ0EAHaZeMe0QrMcEegQIGxAC\"],\"description\":\"Lingua Nova s.c. to profesjonalne biuro t\u0142umacze\u0144 oferuj\u0105ce kompleksowe us\u0142ugi j\u0119zykowe dla firm i klient\u00f3w indywidualnych. Specjalizuje si\u0119 w t\u0142umaczeniach pisemnych i ustnych, w tym prawniczych, finansowych, technicznych oraz przysi\u0119g\u0142ych, zapewniaj\u0105c wysok\u0105 jako\u015b\u0107, poufno\u015b\u0107 i terminowo\u015b\u0107 realizacji.\",\"email\":\"tlumaczenia@agencjatlumaczen.com.pl\",\"telephone\":\"225841035\",\"legalName\":\"Lingua Nova s.c\",\"vatID\":\"7011276270\",\"taxID\":\"Regon: 542620697\",\"duns\":\"665877210\",\"numberOfEmployees\":{\"@type\":\"QuantitativeValue\",\"minValue\":\"11\",\"maxValue\":\"50\"}}]}<\/script>\n<!-- \/ Yoast SEO Premium plugin. -->","yoast_head_json":{"title":"English - Biuro T\u0142umacze\u0144 Lingua Nova","description":"English translations, translations from English, certified English translations - always a free quote, 100% guarantee","robots":{"index":"noindex","follow":"follow","max-snippet":"max-snippet:-1","max-image-preview":"max-image-preview:large","max-video-preview":"max-video-preview:-1"},"og_locale":"en_US","og_type":"article","og_title":"English","og_description":"English translations, translations from English, certified English translations - always a free quote, 100% guarantee","og_url":"https:\/\/agencjatlumaczen.stronazen.pl\/en\/languages\/english\/","og_site_name":"Biuro T\u0142umacze\u0144 Lingua Nova","article_publisher":"https:\/\/www.facebook.com\/p\/Agencja-t%c5%82umacze%c5%84-Lingua-Nova-100064169673820","article_modified_time":"2025-11-23T10:08:06+00:00","og_image":[{"width":1280,"height":720,"url":"https:\/\/agencjatlumaczen.stronazen.pl\/wp-content\/uploads\/2025\/01\/Tlumaczenie-Wietnamski38.jpg","type":"image\/jpeg"}],"twitter_card":"summary_large_image","twitter_misc":{"Est. reading time":"3 minutes"},"schema":{"@context":"https:\/\/schema.org","@graph":[{"@type":"WebPage","@id":"https:\/\/agencjatlumaczen.stronazen.pl\/en\/languages\/english\/","url":"https:\/\/agencjatlumaczen.stronazen.pl\/en\/languages\/english\/","name":"English - Biuro T\u0142umacze\u0144 Lingua Nova","isPartOf":{"@id":"https:\/\/agencjatlumaczen.stronazen.pl\/en\/#website"},"datePublished":"2024-10-14T14:56:40+00:00","dateModified":"2025-11-23T10:08:06+00:00","description":"English translations, translations from English, certified English translations - always a free quote, 100% guarantee","breadcrumb":{"@id":"https:\/\/agencjatlumaczen.stronazen.pl\/en\/languages\/english\/#breadcrumb"},"inLanguage":"en-US","potentialAction":[{"@type":"ReadAction","target":["https:\/\/agencjatlumaczen.stronazen.pl\/en\/languages\/english\/"]}]},{"@type":"BreadcrumbList","@id":"https:\/\/agencjatlumaczen.stronazen.pl\/en\/languages\/english\/#breadcrumb","itemListElement":[{"@type":"ListItem","position":1,"name":"Strona g\u0142\u00f3wna","item":"https:\/\/agencjatlumaczen.stronazen.pl\/en\/"},{"@type":"ListItem","position":2,"name":"Languages","item":"https:\/\/agencjatlumaczen.stronazen.pl\/en\/najpopularniejsze-jezyki-w-tlumaczeniach\/"},{"@type":"ListItem","position":3,"name":"English"}]},{"@type":"WebSite","@id":"https:\/\/agencjatlumaczen.stronazen.pl\/en\/#website","url":"https:\/\/agencjatlumaczen.stronazen.pl\/en\/","name":"Biuro T\u0142umacze\u0144 Lingua Nova","description":"T\u0142umaczenia pisemne angielski, t\u0142umaczenia niemiecki, t\u0142umaczenia francuski, t\u0142umaczenia ustne, t\u0142umaczenia po\u015bwiadczone","publisher":{"@id":"https:\/\/agencjatlumaczen.stronazen.pl\/en\/#organization"},"alternateName":"T\u0142umaczenia przysi\u0119g\u0142e i t\u0142umaczenia pisemne","potentialAction":[{"@type":"SearchAction","target":{"@type":"EntryPoint","urlTemplate":"https:\/\/agencjatlumaczen.stronazen.pl\/en\/?s={search_term_string}"},"query-input":{"@type":"PropertyValueSpecification","valueRequired":true,"valueName":"search_term_string"}}],"inLanguage":"en-US"},{"@type":"Organization","@id":"https:\/\/agencjatlumaczen.stronazen.pl\/en\/#organization","name":"Lingua Nova","alternateName":"Lingua Nova s.c t\u0142umaczenia","url":"https:\/\/agencjatlumaczen.stronazen.pl\/en\/","logo":{"@type":"ImageObject","inLanguage":"en-US","@id":"https:\/\/agencjatlumaczen.stronazen.pl\/en\/#\/schema\/logo\/image\/","url":"http:\/\/agencjatlumaczen.stronazen.pl\/wp-content\/uploads\/2026\/02\/LOGO_LN_NAVY.png","contentUrl":"http:\/\/agencjatlumaczen.stronazen.pl\/wp-content\/uploads\/2026\/02\/LOGO_LN_NAVY.png","width":200,"height":200,"caption":"Lingua Nova"},"image":{"@id":"https:\/\/agencjatlumaczen.stronazen.pl\/en\/#\/schema\/logo\/image\/"},"sameAs":["https:\/\/www.facebook.com\/p\/Agencja-t\u0142umacze\u0144-Lingua-Nova-100064169673820","https:\/\/www.linkedin.com\/company\/1721239\/admin\/dashboard\/","https:\/\/www.google.com\/search?num=10&client=firefox-b-d&hs=4Xy9&sca_esv=01e84e26bfa42c3c&sxsrf=ANbL-n7466TuL-OqX09LcS05fIysQ473ew:1770480966667&q=Lingua Nova s.c T\u0142umaczenia Warszawa&stick=H4sIAAAAAAAAAONgU1I1qDAxN0xNTklJSTO1NE6xSE2zMqgwMki2MDUxTDU2SkxKNU81WsSq6pOZl16aqOCXX5aoUKyXrBBytKk0NzG5KjUvM1EhPLGouCqxPBEAvF1LAlEAAAA&mat=CZXrk_KAlScz&ved=2ahUKEwiU-eXI48eSAxUpZ0EAHaZeMe0QrMcEegQIGxAC"],"description":"Lingua Nova s.c. to profesjonalne biuro t\u0142umacze\u0144 oferuj\u0105ce kompleksowe us\u0142ugi j\u0119zykowe dla firm i klient\u00f3w indywidualnych. Specjalizuje si\u0119 w t\u0142umaczeniach pisemnych i ustnych, w tym prawniczych, finansowych, technicznych oraz przysi\u0119g\u0142ych, zapewniaj\u0105c wysok\u0105 jako\u015b\u0107, poufno\u015b\u0107 i terminowo\u015b\u0107 realizacji.","email":"tlumaczenia@agencjatlumaczen.com.pl","telephone":"225841035","legalName":"Lingua Nova s.c","vatID":"7011276270","taxID":"Regon: 542620697","duns":"665877210","numberOfEmployees":{"@type":"QuantitativeValue","minValue":"11","maxValue":"50"}}]}},"uagb_featured_image_src":{"full":false,"thumbnail":false,"medium":false,"medium_large":false,"large":false,"1536x1536":false,"2048x2048":false},"uagb_author_info":{"display_name":"","author_link":"https:\/\/agencjatlumaczen.stronazen.pl\/en\/author\/"},"uagb_comment_info":0,"uagb_excerpt":"Translations from English language Lingua Nova has been providing professional English translations since 1991. We work with professional translators of every industry: economic, financial, legal, medical, pharmaceutical, technical and many others. Every certified English translation we produce comes with an indefinite guarantee and can be archived at the client&#8217;s request. Translated texts are subject to&hellip;","_links":{"self":[{"href":"https:\/\/agencjatlumaczen.stronazen.pl\/en\/wp-json\/wp\/v2\/pages\/75478","targetHints":{"allow":["GET"]}}],"collection":[{"href":"https:\/\/agencjatlumaczen.stronazen.pl\/en\/wp-json\/wp\/v2\/pages"}],"about":[{"href":"https:\/\/agencjatlumaczen.stronazen.pl\/en\/wp-json\/wp\/v2\/types\/page"}],"author":[{"embeddable":true,"href":"https:\/\/agencjatlumaczen.stronazen.pl\/en\/wp-json\/wp\/v2\/users\/1"}],"replies":[{"embeddable":true,"href":"https:\/\/agencjatlumaczen.stronazen.pl\/en\/wp-json\/wp\/v2\/comments?post=75478"}],"version-history":[{"count":5,"href":"https:\/\/agencjatlumaczen.stronazen.pl\/en\/wp-json\/wp\/v2\/pages\/75478\/revisions"}],"predecessor-version":[{"id":78785,"href":"https:\/\/agencjatlumaczen.stronazen.pl\/en\/wp-json\/wp\/v2\/pages\/75478\/revisions\/78785"}],"up":[{"embeddable":true,"href":"https:\/\/agencjatlumaczen.stronazen.pl\/en\/wp-json\/wp\/v2\/pages\/75275"}],"wp:attachment":[{"href":"https:\/\/agencjatlumaczen.stronazen.pl\/en\/wp-json\/wp\/v2\/media?parent=75478"}],"curies":[{"name":"wp","href":"https:\/\/api.w.org\/{rel}","templated":true}]}}