{"id":75490,"date":"2024-10-14T17:54:21","date_gmt":"2024-10-14T15:54:21","guid":{"rendered":"https:\/\/agencjatlumaczen.com.pl\/languages\/russian-translations\/"},"modified":"2025-11-23T11:08:07","modified_gmt":"2025-11-23T10:08:07","slug":"russian-translations","status":"publish","type":"page","link":"https:\/\/agencjatlumaczen.stronazen.pl\/en\/languages\/russian-translations\/","title":{"rendered":"Russian translations"},"content":{"rendered":"\n<h1 class=\"wp-block-heading\" id=\"h-rosyjski-tlumaczenia\">Russian translations<\/h1>\n\n<p>The nationwide language group Lingua Nova has been providing the &#8220;<strong>Russian translations<\/strong>&#8221; service into almost all languages of the world for over 30 years. We provide ordinary written, oral and certified translations. We cooperate with professional translators of any industry: economic, financial, legal, medical, pharmaceutical, technical and many others. We carry out translations, commonly referred to as &#8220;Russian translations&#8221;, on an almost daily basis.<\/p>\n\n<h2 class=\"wp-block-heading\" id=\"h-tlumaczenia-poswiadczone-z-jezyka-rosyjskiego-najwyzszej-jakosci\">Certified translations from Russian of the highest quality<\/h2>\n\n<figure class=\"wp-block-image aligncenter size-full\"><img loading=\"lazy\" decoding=\"async\" width=\"1024\" height=\"683\" src=\"http:\/\/agencjatlumaczen.stronazen.pl\/wp-content\/uploads\/2024\/10\/rosyjski-tlumaczenia.jpg\" alt=\"\" class=\"wp-image-67023\" srcset=\"https:\/\/agencjatlumaczen.stronazen.pl\/wp-content\/uploads\/2024\/10\/rosyjski-tlumaczenia.jpg 1024w, https:\/\/agencjatlumaczen.stronazen.pl\/wp-content\/uploads\/2024\/10\/rosyjski-tlumaczenia-300x200.jpg 300w, https:\/\/agencjatlumaczen.stronazen.pl\/wp-content\/uploads\/2024\/10\/rosyjski-tlumaczenia-768x512.jpg 768w\" sizes=\"auto, (max-width: 1024px) 100vw, 1024px\" \/><\/figure>\n\n<p>Each of our translations comes with an <strong>indefinite guarantee<\/strong> and is archived upon request. Translated texts are subject to a quality control process in accordance with the latest guidelines of the <a href=\"https:\/\/en.wikipedia.org\/wiki\/ISO_17100\">PN-EN ISO 17100<\/a> series of standards. <\/p>\n\n<p>We always deliver completed orders on time, and the cost of delivery of the translated text in Poland remains on our side. We handle orders from all over Poland and abroad. We also have the option of delivering to any location within the European Union.  <\/p>\n\n<h2 class=\"wp-block-heading\" id=\"h-orly-tlumaczen\">Translation Eagles<\/h2>\n\n<p>We are a winner of the Translation Eagles plebiscite. This plebiscite was created to honour the best companies on the market &#8211; leaders in their industries. These companies set the direction, focus on continuous development and improvement of qualifications. The most important votes in the poll are those from customers who post their recommendations online. Contributors are not anonymous. <strong>Thank you very much for your trust<\/strong>. It is very important to us that we received the award thanks to your votes.   <\/p>\n\n<div class=\"wp-block-group alignfull has-base-2-background-color has-background has-global-padding is-layout-constrained wp-block-group-is-layout-constrained\">\n<div class=\"wp-block-group alignwide dd-remove-horizontal-paddings dd-cta-free-quote has-global-padding is-layout-constrained wp-container-core-group-is-layout-1279bd0a wp-block-group-is-layout-constrained has-background\" style=\"min-height:0px;padding-top:125px;padding-right:300px;padding-bottom:125px;background-image:url(&apos;http:\/\/agencjatlumaczen.stronazen.pl\/wp-content\/uploads\/2024\/10\/portrait-joyous-adult-woman-wearing-eyeglasses-smiling-while-sitting-with-laptop-computer-isolated-white-wall-studio-1.png&apos;);background-position:100% 100%;background-repeat:no-repeat;background-size:auto;\">\n<h2 class=\"wp-block-heading has-text-align-center\" style=\"font-size:clamp(17.905px, 1.119rem + ((1vw - 3.2px) * 1.052), 28px);font-style:normal;font-weight:700\">Get a free translation quote!<\/h2>\n\n\n\n<p class=\"has-text-align-center\">Fast and precise translation quote with no obligations!<\/p>\n\n\n\n<div class=\"wp-block-buttons is-content-justification-center is-layout-flex wp-container-core-buttons-is-layout-a89b3969 wp-block-buttons-is-layout-flex\">\n<div class=\"wp-block-button\"><a class=\"wp-block-button__link wp-element-button\" href=\"https:\/\/agencjatlumaczen.stronazen.pl\/en\/free-quote\/\">Free quote<\/a><\/div>\n<\/div>\n<\/div>\n<\/div>\n\n<h2 class=\"wp-block-heading\" id=\"h-poswiadczone-tlumaczenia-z-jezyka-rosyjskiego-odrobina-historii\">Certified translations from Russian &#8211; a bit of history<\/h2>\n\n<p><strong>Russian translations<\/strong> is a fairly popular search term typed into Internet search engines. Russian translations (Perevody s russkogo jazyka), are some of the most popular translations of all East Slavic languages. Russian is a language spoken by <strong>around 300 million people worldwide<\/strong>. Russian was also the first language to appear in space broadcasting. It entered space in 1961, ahead of his American colleagues, none other than USSR hero <a href=\"https:\/\/pl.wikipedia.org\/wiki\/Jurij_Gagarin\">Yuri Gagari<\/a>n.    <\/p>\n\n<h2 class=\"wp-block-heading\" id=\"h-poswiadczone-tlumaczenia-z-jezyka-rosyjskiego-na-mapie-swiata\">Certified translations from Russian on the world map<\/h2>\n\n<p>Russian translations are useful in Russia, Belarus, Ukraine, but also in Central Asian countries such as Mongolia and in many countries of the former Union of Soviet Socialist Republics. Russian is also spoken by several million immigrants in the USA, Israel and Germany. Russian translations can also be required in the United Nations, which has its headquarters in New York, as Russian is one of the six conference languages of the organisation.  <\/p>\n\n<h2 class=\"wp-block-heading\" id=\"h-tlumaczenie-na-rosyjski-i-tlumaczenia-poswiadczone-z-rosyjskiego-rodzaje-przekladow\">Translation into Russian and certified translation from Russian &#8211; types of translation<\/h2>\n\n<p><strong>Translation into Russian and certified translation into Russian<\/strong> is also called: <strong>authenticated translation<\/strong>. A certified translation is required for important court documents, official documents, as well as letters from foreign employers. Only then do translations have the force of law and are treated as official and reliable documents, which is why they must undoubtedly be done by a licensed Russian, English, German, French, Spanish, Dutch or other <a href=\"http:\/\/agencjatlumaczen.stronazen.pl\/tlumacz-przysiegly\/\"><strong>sworn translator<\/strong><\/a>.  <\/p>\n\n<p> <strong>Russian certified translations<\/strong> (also called sworn or court translations) are mainly documents such as:<\/p>\n\n<ul class=\"wp-block-list\">\n<li>various types of certificates, attestations and also birth and <a href=\"http:\/\/agencjatlumaczen.stronazen.pl\/aktualnosci\/tlumaczenie-aktu-malzenstwa-dlaczego-nie-warto-tego-robic-za-granica\/\">marriage<\/a> certificates,<\/li>\n\n\n\n<li>death certificates, notary deeds, registration certificates, driving licences, vehicle ownership documents,<\/li>\n\n\n\n<li>deeds of incorporation, notarial <a href=\"http:\/\/agencjatlumaczen.stronazen.pl\/aktualnosci\/apostille-ach-ten-tajemniczo-brzmiacy-termin-w-tlumaczeniach\/\">apostilles<\/a>, certificates, company registration documents,<\/li>\n\n\n\n<li>university and college diplomas, <a href=\"http:\/\/agencjatlumaczen.stronazen.pl\/aktualnosci\/tlumaczenie-zaswiadczenia-o-niekaralnosci\/\">certificates of criminal records<\/a>, medical documents (medical certificates, as well as descriptions of diseases, treatment cards)<\/li>\n<\/ul>\n\n<h2 class=\"wp-block-heading\" id=\"h-rosyjski-nauka\">Russian learning<\/h2>\n\n<p>In addition to Russian translations, we are also experts in providing comprehensive language services to <strong><a href=\"https:\/\/linguanova.com.pl\/kursy\/szkolenia-jezykowe-dla-firm\/\">companies, institutions and individuals<\/a>. <\/strong>We work all over Poland, teaching Russian and other foreign languages. We also carry out language audits, examinations and also teach languages online. Our motto invariably reads:   <strong>Learn languages, understand people! We look forward to hearing from you! <\/strong><\/p>\n","protected":false},"excerpt":{"rendered":"<p>Russian translations The nationwide language group Lingua Nova has been providing the &#8220;Russian translations&#8221; service into almost all languages of the world for over 30 years. We provide ordinary written, oral and certified translations. We cooperate with professional translators of any industry: economic, financial, legal, medical, pharmaceutical, technical and many others. We carry out translations, [&hellip;]<\/p>\n","protected":false},"author":1,"featured_media":0,"parent":75275,"menu_order":4,"comment_status":"closed","ping_status":"closed","template":"","meta":{"_uag_custom_page_level_css":"","footnotes":""},"class_list":["post-75490","page","type-page","status-publish","hentry"],"yoast_head":"<!-- This site is optimized with the Yoast SEO Premium plugin v27.3 (Yoast SEO v27.4) - https:\/\/yoast.com\/product\/yoast-seo-premium-wordpress\/ -->\n<title>Russian translations - Biuro T\u0142umacze\u0144 Lingua Nova<\/title>\n<meta name=\"description\" content=\"Translations from Russian, Russian translations, certified Russian translations. Always a free quote.\" \/>\n<meta name=\"robots\" content=\"noindex, follow, max-snippet:-1, max-image-preview:large, max-video-preview:-1\" \/>\n<meta property=\"og:locale\" content=\"en_US\" \/>\n<meta property=\"og:type\" content=\"article\" \/>\n<meta property=\"og:title\" content=\"Russian translations\" \/>\n<meta property=\"og:description\" content=\"Translations from Russian, Russian translations, certified Russian translations. Always a free quote.\" \/>\n<meta property=\"og:url\" content=\"https:\/\/agencjatlumaczen.stronazen.pl\/en\/languages\/russian-translations\/\" \/>\n<meta property=\"og:site_name\" content=\"Biuro T\u0142umacze\u0144 Lingua Nova\" \/>\n<meta property=\"article:publisher\" content=\"https:\/\/www.facebook.com\/p\/Agencja-t%c5%82umacze%c5%84-Lingua-Nova-100064169673820\" \/>\n<meta property=\"article:modified_time\" content=\"2025-11-23T10:08:07+00:00\" \/>\n<meta property=\"og:image\" content=\"http:\/\/agencjatlumaczen.stronazen.pl\/wp-content\/uploads\/2024\/10\/rosyjski-tlumaczenia.jpg\" \/>\n<meta name=\"twitter:card\" content=\"summary_large_image\" \/>\n<meta name=\"twitter:label1\" content=\"Est. reading time\" \/>\n\t<meta name=\"twitter:data1\" content=\"3 minutes\" \/>\n<script type=\"application\/ld+json\" class=\"yoast-schema-graph\">{\"@context\":\"https:\\\/\\\/schema.org\",\"@graph\":[{\"@type\":\"WebPage\",\"@id\":\"https:\\\/\\\/agencjatlumaczen.stronazen.pl\\\/en\\\/languages\\\/russian-translations\\\/\",\"url\":\"https:\\\/\\\/agencjatlumaczen.stronazen.pl\\\/en\\\/languages\\\/russian-translations\\\/\",\"name\":\"Russian translations - Biuro T\u0142umacze\u0144 Lingua Nova\",\"isPartOf\":{\"@id\":\"https:\\\/\\\/agencjatlumaczen.stronazen.pl\\\/en\\\/#website\"},\"primaryImageOfPage\":{\"@id\":\"https:\\\/\\\/agencjatlumaczen.stronazen.pl\\\/en\\\/languages\\\/russian-translations\\\/#primaryimage\"},\"image\":{\"@id\":\"https:\\\/\\\/agencjatlumaczen.stronazen.pl\\\/en\\\/languages\\\/russian-translations\\\/#primaryimage\"},\"thumbnailUrl\":\"http:\\\/\\\/agencjatlumaczen.stronazen.pl\\\/wp-content\\\/uploads\\\/2024\\\/10\\\/rosyjski-tlumaczenia.jpg\",\"datePublished\":\"2024-10-14T15:54:21+00:00\",\"dateModified\":\"2025-11-23T10:08:07+00:00\",\"description\":\"Translations from Russian, Russian translations, certified Russian translations. Always a free quote.\",\"breadcrumb\":{\"@id\":\"https:\\\/\\\/agencjatlumaczen.stronazen.pl\\\/en\\\/languages\\\/russian-translations\\\/#breadcrumb\"},\"inLanguage\":\"en-US\",\"potentialAction\":[{\"@type\":\"ReadAction\",\"target\":[\"https:\\\/\\\/agencjatlumaczen.stronazen.pl\\\/en\\\/languages\\\/russian-translations\\\/\"]}]},{\"@type\":\"ImageObject\",\"inLanguage\":\"en-US\",\"@id\":\"https:\\\/\\\/agencjatlumaczen.stronazen.pl\\\/en\\\/languages\\\/russian-translations\\\/#primaryimage\",\"url\":\"http:\\\/\\\/agencjatlumaczen.stronazen.pl\\\/wp-content\\\/uploads\\\/2024\\\/10\\\/rosyjski-tlumaczenia.jpg\",\"contentUrl\":\"http:\\\/\\\/agencjatlumaczen.stronazen.pl\\\/wp-content\\\/uploads\\\/2024\\\/10\\\/rosyjski-tlumaczenia.jpg\"},{\"@type\":\"BreadcrumbList\",\"@id\":\"https:\\\/\\\/agencjatlumaczen.stronazen.pl\\\/en\\\/languages\\\/russian-translations\\\/#breadcrumb\",\"itemListElement\":[{\"@type\":\"ListItem\",\"position\":1,\"name\":\"Strona g\u0142\u00f3wna\",\"item\":\"https:\\\/\\\/agencjatlumaczen.stronazen.pl\\\/en\\\/\"},{\"@type\":\"ListItem\",\"position\":2,\"name\":\"Languages\",\"item\":\"https:\\\/\\\/agencjatlumaczen.stronazen.pl\\\/en\\\/najpopularniejsze-jezyki-w-tlumaczeniach\\\/\"},{\"@type\":\"ListItem\",\"position\":3,\"name\":\"Russian translations\"}]},{\"@type\":\"WebSite\",\"@id\":\"https:\\\/\\\/agencjatlumaczen.stronazen.pl\\\/en\\\/#website\",\"url\":\"https:\\\/\\\/agencjatlumaczen.stronazen.pl\\\/en\\\/\",\"name\":\"Biuro T\u0142umacze\u0144 Lingua Nova\",\"description\":\"T\u0142umaczenia pisemne angielski, t\u0142umaczenia niemiecki, t\u0142umaczenia francuski, t\u0142umaczenia ustne, t\u0142umaczenia po\u015bwiadczone\",\"publisher\":{\"@id\":\"https:\\\/\\\/agencjatlumaczen.stronazen.pl\\\/en\\\/#organization\"},\"alternateName\":\"T\u0142umaczenia przysi\u0119g\u0142e i t\u0142umaczenia pisemne\",\"potentialAction\":[{\"@type\":\"SearchAction\",\"target\":{\"@type\":\"EntryPoint\",\"urlTemplate\":\"https:\\\/\\\/agencjatlumaczen.stronazen.pl\\\/en\\\/?s={search_term_string}\"},\"query-input\":{\"@type\":\"PropertyValueSpecification\",\"valueRequired\":true,\"valueName\":\"search_term_string\"}}],\"inLanguage\":\"en-US\"},{\"@type\":\"Organization\",\"@id\":\"https:\\\/\\\/agencjatlumaczen.stronazen.pl\\\/en\\\/#organization\",\"name\":\"Lingua Nova\",\"alternateName\":\"Lingua Nova s.c t\u0142umaczenia\",\"url\":\"https:\\\/\\\/agencjatlumaczen.stronazen.pl\\\/en\\\/\",\"logo\":{\"@type\":\"ImageObject\",\"inLanguage\":\"en-US\",\"@id\":\"https:\\\/\\\/agencjatlumaczen.stronazen.pl\\\/en\\\/#\\\/schema\\\/logo\\\/image\\\/\",\"url\":\"http:\\\/\\\/agencjatlumaczen.stronazen.pl\\\/wp-content\\\/uploads\\\/2026\\\/02\\\/LOGO_LN_NAVY.png\",\"contentUrl\":\"http:\\\/\\\/agencjatlumaczen.stronazen.pl\\\/wp-content\\\/uploads\\\/2026\\\/02\\\/LOGO_LN_NAVY.png\",\"width\":200,\"height\":200,\"caption\":\"Lingua Nova\"},\"image\":{\"@id\":\"https:\\\/\\\/agencjatlumaczen.stronazen.pl\\\/en\\\/#\\\/schema\\\/logo\\\/image\\\/\"},\"sameAs\":[\"https:\\\/\\\/www.facebook.com\\\/p\\\/Agencja-t\u0142umacze\u0144-Lingua-Nova-100064169673820\",\"https:\\\/\\\/www.linkedin.com\\\/company\\\/1721239\\\/admin\\\/dashboard\\\/\",\"https:\\\/\\\/www.google.com\\\/search?num=10&client=firefox-b-d&hs=4Xy9&sca_esv=01e84e26bfa42c3c&sxsrf=ANbL-n7466TuL-OqX09LcS05fIysQ473ew:1770480966667&q=Lingua Nova s.c T\u0142umaczenia Warszawa&stick=H4sIAAAAAAAAAONgU1I1qDAxN0xNTklJSTO1NE6xSE2zMqgwMki2MDUxTDU2SkxKNU81WsSq6pOZl16aqOCXX5aoUKyXrBBytKk0NzG5KjUvM1EhPLGouCqxPBEAvF1LAlEAAAA&mat=CZXrk_KAlScz&ved=2ahUKEwiU-eXI48eSAxUpZ0EAHaZeMe0QrMcEegQIGxAC\"],\"description\":\"Lingua Nova s.c. to profesjonalne biuro t\u0142umacze\u0144 oferuj\u0105ce kompleksowe us\u0142ugi j\u0119zykowe dla firm i klient\u00f3w indywidualnych. Specjalizuje si\u0119 w t\u0142umaczeniach pisemnych i ustnych, w tym prawniczych, finansowych, technicznych oraz przysi\u0119g\u0142ych, zapewniaj\u0105c wysok\u0105 jako\u015b\u0107, poufno\u015b\u0107 i terminowo\u015b\u0107 realizacji.\",\"email\":\"tlumaczenia@agencjatlumaczen.com.pl\",\"telephone\":\"225841035\",\"legalName\":\"Lingua Nova s.c\",\"vatID\":\"7011276270\",\"taxID\":\"Regon: 542620697\",\"duns\":\"665877210\",\"numberOfEmployees\":{\"@type\":\"QuantitativeValue\",\"minValue\":\"11\",\"maxValue\":\"50\"}}]}<\/script>\n<!-- \/ Yoast SEO Premium plugin. -->","yoast_head_json":{"title":"Russian translations - Biuro T\u0142umacze\u0144 Lingua Nova","description":"Translations from Russian, Russian translations, certified Russian translations. Always a free quote.","robots":{"index":"noindex","follow":"follow","max-snippet":"max-snippet:-1","max-image-preview":"max-image-preview:large","max-video-preview":"max-video-preview:-1"},"og_locale":"en_US","og_type":"article","og_title":"Russian translations","og_description":"Translations from Russian, Russian translations, certified Russian translations. Always a free quote.","og_url":"https:\/\/agencjatlumaczen.stronazen.pl\/en\/languages\/russian-translations\/","og_site_name":"Biuro T\u0142umacze\u0144 Lingua Nova","article_publisher":"https:\/\/www.facebook.com\/p\/Agencja-t%c5%82umacze%c5%84-Lingua-Nova-100064169673820","article_modified_time":"2025-11-23T10:08:07+00:00","og_image":[{"url":"http:\/\/agencjatlumaczen.stronazen.pl\/wp-content\/uploads\/2024\/10\/rosyjski-tlumaczenia.jpg","type":"","width":"","height":""}],"twitter_card":"summary_large_image","twitter_misc":{"Est. reading time":"3 minutes"},"schema":{"@context":"https:\/\/schema.org","@graph":[{"@type":"WebPage","@id":"https:\/\/agencjatlumaczen.stronazen.pl\/en\/languages\/russian-translations\/","url":"https:\/\/agencjatlumaczen.stronazen.pl\/en\/languages\/russian-translations\/","name":"Russian translations - Biuro T\u0142umacze\u0144 Lingua Nova","isPartOf":{"@id":"https:\/\/agencjatlumaczen.stronazen.pl\/en\/#website"},"primaryImageOfPage":{"@id":"https:\/\/agencjatlumaczen.stronazen.pl\/en\/languages\/russian-translations\/#primaryimage"},"image":{"@id":"https:\/\/agencjatlumaczen.stronazen.pl\/en\/languages\/russian-translations\/#primaryimage"},"thumbnailUrl":"http:\/\/agencjatlumaczen.stronazen.pl\/wp-content\/uploads\/2024\/10\/rosyjski-tlumaczenia.jpg","datePublished":"2024-10-14T15:54:21+00:00","dateModified":"2025-11-23T10:08:07+00:00","description":"Translations from Russian, Russian translations, certified Russian translations. Always a free quote.","breadcrumb":{"@id":"https:\/\/agencjatlumaczen.stronazen.pl\/en\/languages\/russian-translations\/#breadcrumb"},"inLanguage":"en-US","potentialAction":[{"@type":"ReadAction","target":["https:\/\/agencjatlumaczen.stronazen.pl\/en\/languages\/russian-translations\/"]}]},{"@type":"ImageObject","inLanguage":"en-US","@id":"https:\/\/agencjatlumaczen.stronazen.pl\/en\/languages\/russian-translations\/#primaryimage","url":"http:\/\/agencjatlumaczen.stronazen.pl\/wp-content\/uploads\/2024\/10\/rosyjski-tlumaczenia.jpg","contentUrl":"http:\/\/agencjatlumaczen.stronazen.pl\/wp-content\/uploads\/2024\/10\/rosyjski-tlumaczenia.jpg"},{"@type":"BreadcrumbList","@id":"https:\/\/agencjatlumaczen.stronazen.pl\/en\/languages\/russian-translations\/#breadcrumb","itemListElement":[{"@type":"ListItem","position":1,"name":"Strona g\u0142\u00f3wna","item":"https:\/\/agencjatlumaczen.stronazen.pl\/en\/"},{"@type":"ListItem","position":2,"name":"Languages","item":"https:\/\/agencjatlumaczen.stronazen.pl\/en\/najpopularniejsze-jezyki-w-tlumaczeniach\/"},{"@type":"ListItem","position":3,"name":"Russian translations"}]},{"@type":"WebSite","@id":"https:\/\/agencjatlumaczen.stronazen.pl\/en\/#website","url":"https:\/\/agencjatlumaczen.stronazen.pl\/en\/","name":"Biuro T\u0142umacze\u0144 Lingua Nova","description":"T\u0142umaczenia pisemne angielski, t\u0142umaczenia niemiecki, t\u0142umaczenia francuski, t\u0142umaczenia ustne, t\u0142umaczenia po\u015bwiadczone","publisher":{"@id":"https:\/\/agencjatlumaczen.stronazen.pl\/en\/#organization"},"alternateName":"T\u0142umaczenia przysi\u0119g\u0142e i t\u0142umaczenia pisemne","potentialAction":[{"@type":"SearchAction","target":{"@type":"EntryPoint","urlTemplate":"https:\/\/agencjatlumaczen.stronazen.pl\/en\/?s={search_term_string}"},"query-input":{"@type":"PropertyValueSpecification","valueRequired":true,"valueName":"search_term_string"}}],"inLanguage":"en-US"},{"@type":"Organization","@id":"https:\/\/agencjatlumaczen.stronazen.pl\/en\/#organization","name":"Lingua Nova","alternateName":"Lingua Nova s.c t\u0142umaczenia","url":"https:\/\/agencjatlumaczen.stronazen.pl\/en\/","logo":{"@type":"ImageObject","inLanguage":"en-US","@id":"https:\/\/agencjatlumaczen.stronazen.pl\/en\/#\/schema\/logo\/image\/","url":"http:\/\/agencjatlumaczen.stronazen.pl\/wp-content\/uploads\/2026\/02\/LOGO_LN_NAVY.png","contentUrl":"http:\/\/agencjatlumaczen.stronazen.pl\/wp-content\/uploads\/2026\/02\/LOGO_LN_NAVY.png","width":200,"height":200,"caption":"Lingua Nova"},"image":{"@id":"https:\/\/agencjatlumaczen.stronazen.pl\/en\/#\/schema\/logo\/image\/"},"sameAs":["https:\/\/www.facebook.com\/p\/Agencja-t\u0142umacze\u0144-Lingua-Nova-100064169673820","https:\/\/www.linkedin.com\/company\/1721239\/admin\/dashboard\/","https:\/\/www.google.com\/search?num=10&client=firefox-b-d&hs=4Xy9&sca_esv=01e84e26bfa42c3c&sxsrf=ANbL-n7466TuL-OqX09LcS05fIysQ473ew:1770480966667&q=Lingua Nova s.c T\u0142umaczenia Warszawa&stick=H4sIAAAAAAAAAONgU1I1qDAxN0xNTklJSTO1NE6xSE2zMqgwMki2MDUxTDU2SkxKNU81WsSq6pOZl16aqOCXX5aoUKyXrBBytKk0NzG5KjUvM1EhPLGouCqxPBEAvF1LAlEAAAA&mat=CZXrk_KAlScz&ved=2ahUKEwiU-eXI48eSAxUpZ0EAHaZeMe0QrMcEegQIGxAC"],"description":"Lingua Nova s.c. to profesjonalne biuro t\u0142umacze\u0144 oferuj\u0105ce kompleksowe us\u0142ugi j\u0119zykowe dla firm i klient\u00f3w indywidualnych. Specjalizuje si\u0119 w t\u0142umaczeniach pisemnych i ustnych, w tym prawniczych, finansowych, technicznych oraz przysi\u0119g\u0142ych, zapewniaj\u0105c wysok\u0105 jako\u015b\u0107, poufno\u015b\u0107 i terminowo\u015b\u0107 realizacji.","email":"tlumaczenia@agencjatlumaczen.com.pl","telephone":"225841035","legalName":"Lingua Nova s.c","vatID":"7011276270","taxID":"Regon: 542620697","duns":"665877210","numberOfEmployees":{"@type":"QuantitativeValue","minValue":"11","maxValue":"50"}}]}},"uagb_featured_image_src":{"full":false,"thumbnail":false,"medium":false,"medium_large":false,"large":false,"1536x1536":false,"2048x2048":false},"uagb_author_info":{"display_name":"","author_link":"https:\/\/agencjatlumaczen.stronazen.pl\/en\/author\/"},"uagb_comment_info":0,"uagb_excerpt":"Russian translations The nationwide language group Lingua Nova has been providing the &#8220;Russian translations&#8221; service into almost all languages of the world for over 30 years. We provide ordinary written, oral and certified translations. We cooperate with professional translators of any industry: economic, financial, legal, medical, pharmaceutical, technical and many others. We carry out translations,&hellip;","_links":{"self":[{"href":"https:\/\/agencjatlumaczen.stronazen.pl\/en\/wp-json\/wp\/v2\/pages\/75490","targetHints":{"allow":["GET"]}}],"collection":[{"href":"https:\/\/agencjatlumaczen.stronazen.pl\/en\/wp-json\/wp\/v2\/pages"}],"about":[{"href":"https:\/\/agencjatlumaczen.stronazen.pl\/en\/wp-json\/wp\/v2\/types\/page"}],"author":[{"embeddable":true,"href":"https:\/\/agencjatlumaczen.stronazen.pl\/en\/wp-json\/wp\/v2\/users\/1"}],"replies":[{"embeddable":true,"href":"https:\/\/agencjatlumaczen.stronazen.pl\/en\/wp-json\/wp\/v2\/comments?post=75490"}],"version-history":[{"count":2,"href":"https:\/\/agencjatlumaczen.stronazen.pl\/en\/wp-json\/wp\/v2\/pages\/75490\/revisions"}],"predecessor-version":[{"id":78787,"href":"https:\/\/agencjatlumaczen.stronazen.pl\/en\/wp-json\/wp\/v2\/pages\/75490\/revisions\/78787"}],"up":[{"embeddable":true,"href":"https:\/\/agencjatlumaczen.stronazen.pl\/en\/wp-json\/wp\/v2\/pages\/75275"}],"wp:attachment":[{"href":"https:\/\/agencjatlumaczen.stronazen.pl\/en\/wp-json\/wp\/v2\/media?parent=75490"}],"curies":[{"name":"wp","href":"https:\/\/api.w.org\/{rel}","templated":true}]}}